{"id":34,"date":"2017-06-30T09:55:04","date_gmt":"2017-06-30T09:55:04","guid":{"rendered":"http:\/\/www.nicdarkthemes.com\/themes\/hotel\/wp\/demo\/?page_id=34"},"modified":"2021-11-01T03:55:45","modified_gmt":"2021-11-01T03:55:45","slug":"termes-et-conditions","status":"publish","type":"page","link":"https:\/\/lechaletduboisflotte.com\/en\/termes-et-conditions\/","title":{"rendered":"Terms and conditions"},"content":{"rendered":"<div data-vc-full-width=\"true\" data-vc-full-width-init=\"false\" class=\"vc_row wpb_row vc_row-fluid vc_custom_1635360726911 vc_row-has-fill\"><div class=\"wpb_column vc_column_container vc_col-sm-12\"><div class=\"vc_column-inner\"><div class=\"wpb_wrapper\"><div style=\"background-color:;height: 30px\" class=\"nicdark_section\"><\/div> <h1 style=\"color:#ffffff;padding:px;text-align:center;font-size:px;line-height:px;letter-spacing: px;font-weight:bold\" class=\"\">Terms and conditions<\/h1> <div style=\"background-color:;height: 30px\" class=\"nicdark_section\"><\/div><div class=\"vc_row wpb_row vc_inner vc_row-fluid\"><div class=\"wpb_column vc_column_container vc_col-sm-12\"><div class=\"vc_column-inner\"><div class=\"wpb_wrapper\"><div style=\"background-color:;height: 20px\" class=\"nicdark_section\"><\/div>\n\t<div class=\"wpb_text_column wpb_content_element\" >\n\t\t<div class=\"wpb_wrapper\">\n\t\t\t<p>Atelier Boom-Town designed the house as two intersecting volumes, which are intended to be inspired by the shape of the traditional Canadian farms that can be found built nearby.<\/p>\n<p>&nbsp;<\/p>\n<p>Dark tin forms the roof and accent details to contrast with the walls covered in untreated cedar which will patina and turn silver over time.<\/p>\n\n\t\t<\/div>\n\t<\/div>\n<div style=\"background-color:;height: 20px\" class=\"nicdark_section\"><\/div>\n\t<div class=\"wpb_text_column wpb_content_element\" >\n\t\t<div class=\"wpb_wrapper\">\n\t\t\t<p>\u201cBetween sky and rivers, this small structure stands in an impressive landscape,\u201d says Atelier Boom-Town in a description of the project.<\/p>\n<p>&nbsp;<\/p>\n<p>The layout takes shape here, like a piece of driftwood, carried by time and currents, offering a haven of relaxation, humble and discreet, opposed to the opulent beauty of the landscape.<\/p>\n\n\t\t<\/div>\n\t<\/div>\n<div style=\"background-color:;height: 20px\" class=\"nicdark_section\"><\/div>\n\t<div class=\"wpb_text_column wpb_content_element\" >\n\t\t<div class=\"wpb_wrapper\">\n\t\t\t<p>For the interiors, the architects chose a minimal approach, using monochrome tones and wood accents. Polished concrete slabs run the length of the ground floor to form two separate levels to increase the living space.<\/p>\n\n\t\t<\/div>\n\t<\/div>\n<\/div><\/div><\/div><\/div><div class=\"vc_row wpb_row vc_inner vc_row-fluid\"><div class=\"wpb_column vc_column_container vc_col-sm-6\"><div class=\"vc_column-inner\"><div class=\"wpb_wrapper\"><div style=\"background-color:;height: 40px\" class=\"nicdark_section\"><\/div> <h3 style=\"color:#ffffff;padding:px;text-align:;font-size:25px;line-height:35px;letter-spacing: 2px;font-weight:normal\" class=\"\">Equipment included at the Driftwood Chalet<\/h3> <div style=\"background-color:;height: 30px\" class=\"nicdark_section\"><\/div>\n\n    <div class=\"nd_options_section nd_options_toogles_faq\">\n\n      <div class=\"nd_options_section nd_options_box_sizing_border_box\">\n        <p class=\"nd_options_toogle_title nd_options_first_font nd_options_font_size_17 nd_options_position_relative nd_options_padding_right_20 nd_options_padding_top_5 nd_options_padding_left_45 nd_options_padding_bottom_5\">\n          <span style=\"background-color:#6fac48\" class=\"nd_options_cursor_pointer nd_options_text_align_center nd_options_toogle_title_open_383 nd_options_width_25 nd_options_height_25  nd_options_position_absolute nd_options_top_0 nd_options_left_0\">\n            <img decoding=\"async\" alt=\"\" class=\"nd_options_margin_top_6\" width=\"12\" src=\"https:\/\/lechaletduboisflotte.com\/wp-content\/plugins\/nd-shortcodes\/shortcodes\/custom\/toogle\/icon-add-white.png\">\n          <\/span> \n          <span style=\"background-color:#6fac48\" class=\"nd_options_cursor_pointer nd_options_text_align_center nd_options_toogle_title_close_383 nd_options_width_25 nd_options_display_none nd_options_height_25  nd_options_position_absolute nd_options_top_0 nd_options_left_0\">\n            <img decoding=\"async\" alt=\"\" class=\"nd_options_margin_top_6\" width=\"12\" src=\"https:\/\/lechaletduboisflotte.com\/wp-content\/plugins\/nd-shortcodes\/shortcodes\/custom\/toogle\/icon-less-white.png\">\n          <\/span>\n          Equipped kitchen\n        <\/p>\n      <\/div>\n      \n      <div class=\"nd_options_display_none nd_options_padding_20 nd_options_padding_left_45 nd_options_toogle_content_383 nd_options_section nd_options_box_sizing_border_box\">\n        <p>Le Creuset cookware, Vertuo model Nespresso machine (with milk frother), two Le Creuset fondu pans, raclette pan, Le Creuset dishes, utensils, assorted glasses, dishwasher, microwave, stand mixer, smoothie machine.<\/p>\n      <\/div>\n\n    <\/div>\n\n   <div style=\"background-color:;height: 20px\" class=\"nicdark_section\"><\/div>\n\n    <div class=\"nd_options_section nd_options_toogles_faq\">\n\n      <div class=\"nd_options_section nd_options_box_sizing_border_box\">\n        <p class=\"nd_options_toogle_title nd_options_first_font nd_options_font_size_17 nd_options_position_relative nd_options_padding_right_20 nd_options_padding_top_5 nd_options_padding_left_45 nd_options_padding_bottom_5\">\n          <span style=\"background-color:#6fac48\" class=\"nd_options_cursor_pointer nd_options_text_align_center nd_options_toogle_title_open_330 nd_options_width_25 nd_options_height_25  nd_options_position_absolute nd_options_top_0 nd_options_left_0\">\n            <img decoding=\"async\" alt=\"\" class=\"nd_options_margin_top_6\" width=\"12\" src=\"https:\/\/lechaletduboisflotte.com\/wp-content\/plugins\/nd-shortcodes\/shortcodes\/custom\/toogle\/icon-add-white.png\">\n          <\/span> \n          <span style=\"background-color:#6fac48\" class=\"nd_options_cursor_pointer nd_options_text_align_center nd_options_toogle_title_close_330 nd_options_width_25 nd_options_display_none nd_options_height_25  nd_options_position_absolute nd_options_top_0 nd_options_left_0\">\n            <img decoding=\"async\" alt=\"\" class=\"nd_options_margin_top_6\" width=\"12\" src=\"https:\/\/lechaletduboisflotte.com\/wp-content\/plugins\/nd-shortcodes\/shortcodes\/custom\/toogle\/icon-less-white.png\">\n          <\/span>\n          Bedding and bathroom\n        <\/p>\n      <\/div>\n      \n      <div class=\"nd_options_display_none nd_options_padding_20 nd_options_padding_left_45 nd_options_toogle_content_330 nd_options_section nd_options_box_sizing_border_box\">\n        <p>Bedding, towels, washer, dryer, sanitary papers.<\/p>\n      <\/div>\n\n    <\/div>\n\n   <div style=\"background-color:;height: 20px\" class=\"nicdark_section\"><\/div>\n\n    <div class=\"nd_options_section nd_options_toogles_faq\">\n\n      <div class=\"nd_options_section nd_options_box_sizing_border_box\">\n        <p class=\"nd_options_toogle_title nd_options_first_font nd_options_font_size_17 nd_options_position_relative nd_options_padding_right_20 nd_options_padding_top_5 nd_options_padding_left_45 nd_options_padding_bottom_5\">\n          <span style=\"background-color:#6fac48\" class=\"nd_options_cursor_pointer nd_options_text_align_center nd_options_toogle_title_open_240 nd_options_width_25 nd_options_height_25  nd_options_position_absolute nd_options_top_0 nd_options_left_0\">\n            <img decoding=\"async\" alt=\"\" class=\"nd_options_margin_top_6\" width=\"12\" src=\"https:\/\/lechaletduboisflotte.com\/wp-content\/plugins\/nd-shortcodes\/shortcodes\/custom\/toogle\/icon-add-white.png\">\n          <\/span> \n          <span style=\"background-color:#6fac48\" class=\"nd_options_cursor_pointer nd_options_text_align_center nd_options_toogle_title_close_240 nd_options_width_25 nd_options_display_none nd_options_height_25  nd_options_position_absolute nd_options_top_0 nd_options_left_0\">\n            <img decoding=\"async\" alt=\"\" class=\"nd_options_margin_top_6\" width=\"12\" src=\"https:\/\/lechaletduboisflotte.com\/wp-content\/plugins\/nd-shortcodes\/shortcodes\/custom\/toogle\/icon-less-white.png\">\n          <\/span>\n          Leisure and home theater\n        <\/p>\n      <\/div>\n      \n      <div class=\"nd_options_display_none nd_options_padding_20 nd_options_padding_left_45 nd_options_toogle_content_240 nd_options_section nd_options_box_sizing_border_box\">\n        <p>85-inch televisions, Bose home theater with bluethooth speakers, 300 Mbps WiFi, 120 channels with Bell with the recorder option, 12,000 Internet TV channels.<\/p>\n      <\/div>\n\n    <\/div>\n\n   <div style=\"background-color:;height: 20px\" class=\"nicdark_section\"><\/div>\n\n    <div class=\"nd_options_section nd_options_toogles_faq\">\n\n      <div class=\"nd_options_section nd_options_box_sizing_border_box\">\n        <p class=\"nd_options_toogle_title nd_options_first_font nd_options_font_size_17 nd_options_position_relative nd_options_padding_right_20 nd_options_padding_top_5 nd_options_padding_left_45 nd_options_padding_bottom_5\">\n          <span style=\"background-color:#6fac48\" class=\"nd_options_cursor_pointer nd_options_text_align_center nd_options_toogle_title_open_99 nd_options_width_25 nd_options_height_25  nd_options_position_absolute nd_options_top_0 nd_options_left_0\">\n            <img decoding=\"async\" alt=\"\" class=\"nd_options_margin_top_6\" width=\"12\" src=\"https:\/\/lechaletduboisflotte.com\/wp-content\/plugins\/nd-shortcodes\/shortcodes\/custom\/toogle\/icon-add-white.png\">\n          <\/span> \n          <span style=\"background-color:#6fac48\" class=\"nd_options_cursor_pointer nd_options_text_align_center nd_options_toogle_title_close_99 nd_options_width_25 nd_options_display_none nd_options_height_25  nd_options_position_absolute nd_options_top_0 nd_options_left_0\">\n            <img decoding=\"async\" alt=\"\" class=\"nd_options_margin_top_6\" width=\"12\" src=\"https:\/\/lechaletduboisflotte.com\/wp-content\/plugins\/nd-shortcodes\/shortcodes\/custom\/toogle\/icon-less-white.png\">\n          <\/span>\n          Smokehouse and fireplace\n        <\/p>\n      <\/div>\n      \n      <div class=\"nd_options_display_none nd_options_padding_20 nd_options_padding_left_45 nd_options_toogle_content_99 nd_options_section nd_options_box_sizing_border_box\">\n        <p>Komado Big Joe smoker BBQ, charcoal and wood for the fireplaces.<\/p>\n      <\/div>\n\n    <\/div>\n\n   <div style=\"background-color:;height: 50px\" class=\"nicdark_section\"><\/div><\/div><\/div><\/div><div class=\"wpb_column vc_column_container vc_col-sm-6\"><div class=\"vc_column-inner\"><div class=\"wpb_wrapper\"><div style=\"background-color:;height: 37px\" class=\"nicdark_section\"><\/div> <h3 style=\"color:#ffffff;padding:px;text-align:center;font-size:25px;line-height:35px;letter-spacing: 2px;font-weight:normal\" class=\"\">Discover our model rental contract for the Driftwood Chalet<\/h3> <div style=\"background-color:;height: 40px\" class=\"nicdark_section\"><\/div><div class=\"vc_btn3-container vc_btn3-center\" ><a class=\"vc_general vc_btn3 vc_btn3-size-lg vc_btn3-shape-rounded vc_btn3-style-modern vc_btn3-icon-left vc_btn3-color-success\" href=\"https:\/\/lechaletduboisflotte.com\/en\/contrat\/\" title=\"\" target=\"_blank\"><i class=\"vc_btn3-icon far fa-file-alt\"><\/i> Rental agreement<\/a><\/div><\/div><\/div><\/div><\/div><\/div><\/div><\/div><\/div><div class=\"vc_row-full-width vc_clearfix\"><\/div>","protected":false},"excerpt":{"rendered":"Termes et conditions L'Atelier Boom-Town a con\u00e7u la maison comme deux volumes qui se croisent, et qui sont destin\u00e9s \u00e0 s'inspirer de la forme des fermes canadiennes traditionnelles que l'on trouve construites \u00e0 proximit\u00e9. &nbsp; Des t\u00f4les fonc\u00e9es forment le toit et les d\u00e9tails d'accentuation pour contraster avec les murs recouverts de c\u00e8dre non trait\u00e9 [...]","protected":false},"author":1,"featured_media":0,"parent":0,"menu_order":0,"comment_status":"closed","ping_status":"closed","template":"","meta":{"footnotes":""},"class_list":["post-34","page","type-page","status-publish","hentry"],"_links":{"self":[{"href":"https:\/\/lechaletduboisflotte.com\/en\/wp-json\/wp\/v2\/pages\/34","targetHints":{"allow":["GET"]}}],"collection":[{"href":"https:\/\/lechaletduboisflotte.com\/en\/wp-json\/wp\/v2\/pages"}],"about":[{"href":"https:\/\/lechaletduboisflotte.com\/en\/wp-json\/wp\/v2\/types\/page"}],"author":[{"embeddable":true,"href":"https:\/\/lechaletduboisflotte.com\/en\/wp-json\/wp\/v2\/users\/1"}],"replies":[{"embeddable":true,"href":"https:\/\/lechaletduboisflotte.com\/en\/wp-json\/wp\/v2\/comments?post=34"}],"version-history":[{"count":5,"href":"https:\/\/lechaletduboisflotte.com\/en\/wp-json\/wp\/v2\/pages\/34\/revisions"}],"predecessor-version":[{"id":2450,"href":"https:\/\/lechaletduboisflotte.com\/en\/wp-json\/wp\/v2\/pages\/34\/revisions\/2450"}],"wp:attachment":[{"href":"https:\/\/lechaletduboisflotte.com\/en\/wp-json\/wp\/v2\/media?parent=34"}],"curies":[{"name":"wp","href":"https:\/\/api.w.org\/{rel}","templated":true}]}}