{"id":460,"date":"2017-07-19T09:28:56","date_gmt":"2017-07-19T09:28:56","guid":{"rendered":"http:\/\/www.nicdarkthemes.com\/themes\/hotel\/wp\/demo\/?page_id=460"},"modified":"2022-11-11T14:43:09","modified_gmt":"2022-11-11T19:43:09","slug":"contact","status":"publish","type":"page","link":"https:\/\/lechaletduboisflotte.com\/en\/contact\/","title":{"rendered":"Contact"},"content":{"rendered":"<div data-vc-full-width=\"true\" data-vc-full-width-init=\"false\" data-vc-stretch-content=\"true\" class=\"vc_row wpb_row vc_row-fluid vc_custom_1635373570134 vc_row-has-fill vc_row-o-equal-height vc_row-o-content-middle vc_row-flex\"><div class=\"wpb_column vc_column_container vc_col-sm-12\"><div class=\"vc_column-inner\"><div class=\"wpb_wrapper\"><div class=\"vc_row wpb_row vc_inner vc_row-fluid vc_custom_1635373463744 vc_row-has-fill\"><div class=\"wpb_column vc_column_container vc_col-sm-12\"><div class=\"vc_column-inner\"><div class=\"wpb_wrapper\"><div style=\"background-color:;height: 100px\" class=\"nicdark_section\"><\/div> <h1 style=\"color:#ffffff;padding:px;text-align:center;font-size:45px;line-height:60px;letter-spacing: 3px;font-weight:bold\" class=\"\">CONTACT<\/h1> <div style=\"background-color:;height: 100px\" class=\"nicdark_section\"><\/div><\/div><\/div><\/div><\/div><div class=\"vc_row wpb_row vc_inner vc_row-fluid\"><div class=\"wpb_column vc_column_container vc_col-sm-6\"><div class=\"vc_column-inner\"><div class=\"wpb_wrapper\"><div style=\"background-color:;height: 50px\" class=\"nicdark_section\"><\/div> <h3 style=\"color:#6fac48;padding:px;text-align:;font-size:25px;line-height:35px;letter-spacing: px;font-weight:normal\" class=\"nd_options_first_font\">Write U.S<\/h3> <div style=\"background-color:;height: 20px\" class=\"nicdark_section\"><\/div>\n\n    <!--start form-->\n    <div id=\"nd_options_shortcode_cf7_2109\" class=\"nd_options_section\">\n      \n      <div class=\"nd_options_section nd_options_box_sizing_border_box\">\n        \n<div class=\"wpcf7 no-js\" id=\"wpcf7-f2109-o1\" lang=\"fr-FR\" dir=\"ltr\">\n<div class=\"screen-reader-response\"><p role=\"status\" aria-live=\"polite\" aria-atomic=\"true\"><\/p> <ul><\/ul><\/div>\n<form action=\"\/en\/wp-json\/wp\/v2\/pages\/460#wpcf7-f2109-o1\" method=\"post\" class=\"wpcf7-form init\" aria-label=\"Formulaire de contact\" novalidate=\"novalidate\" data-status=\"init\" data-trp-original-action=\"\/en\/wp-json\/wp\/v2\/pages\/460#wpcf7-f2109-o1\">\n<input type=\"hidden\" name=\"_wpcf7\" value=\"2109\" \/><input type=\"hidden\" name=\"_wpcf7_version\" value=\"6.1.4\" \/><input type=\"hidden\" name=\"_wpcf7_locale\" value=\"fr_FR\" \/><input type=\"hidden\" name=\"_wpcf7_unit_tag\" value=\"wpcf7-f2109-o1\" \/><input type=\"hidden\" name=\"_wpcf7_container_post\" value=\"0\" \/><input type=\"hidden\" name=\"_wpcf7_posted_data_hash\" value=\"\" \/>\n\n<p><label> Your name<br \/>\n<span class=\"wpcf7-form-control-wrap\" data-name=\"your-name\"><input size=\"40\" class=\"wpcf7-form-control wpcf7-text wpcf7-validates-as-required\" aria-required=\"true\" aria-invalid=\"false\" value=\"\" type=\"text\" name=\"your-name\" \/><\/span> <\/label>\n<\/p>\n<p><label> Your email<br \/>\n<span class=\"wpcf7-form-control-wrap\" data-name=\"your-email\"><input size=\"40\" class=\"wpcf7-form-control wpcf7-email wpcf7-validates-as-required wpcf7-text wpcf7-validates-as-email\" aria-required=\"true\" aria-invalid=\"false\" value=\"\" type=\"email\" name=\"your-email\" \/><\/span> <\/label>\n<\/p>\n<p><label> Your phone<br \/>\n<span class=\"wpcf7-form-control-wrap\" data-name=\"tel-974\"><input size=\"40\" class=\"wpcf7-form-control wpcf7-tel wpcf7-validates-as-required wpcf7-text wpcf7-validates-as-tel\" aria-required=\"true\" aria-invalid=\"false\" value=\"\" type=\"tel\" name=\"tel-974\" \/><\/span> <\/label>\n<\/p>\n<p><label> Object<br \/>\n<span class=\"wpcf7-form-control-wrap\" data-name=\"your-subject\"><input size=\"40\" class=\"wpcf7-form-control wpcf7-text wpcf7-validates-as-required\" aria-required=\"true\" aria-invalid=\"false\" value=\"\" type=\"text\" name=\"your-subject\" \/><\/span> <\/label>\n<\/p>\n<p><label> Your message (optional)<br \/>\n<span class=\"wpcf7-form-control-wrap\" data-name=\"your-message\"><textarea cols=\"40\" rows=\"10\" class=\"wpcf7-form-control wpcf7-textarea\" aria-invalid=\"false\" name=\"your-message\"><\/textarea><\/span> <\/label>\n<\/p>\n<p><input class=\"wpcf7-form-control wpcf7-submit has-spinner\" type=\"submit\" value=\"Send\" \/>\n<\/p><div class=\"wpcf7-response-output\" aria-hidden=\"true\"><\/div>\n<input type=\"hidden\" name=\"trp-form-language\" value=\"en\"\/><\/form>\n<\/div>\n \n      <\/div>  \n\n    <\/div>\n    <!--end form-->\n\n   <div style=\"background-color:;height: 20px\" class=\"nicdark_section\"><\/div><\/div><\/div><\/div><div class=\"wpb_column vc_column_container vc_col-sm-6\"><div class=\"vc_column-inner\"><div class=\"wpb_wrapper\"><div style=\"background-color:;height: 50px\" class=\"nicdark_section\"><\/div> <h3 style=\"color:#6fac48;padding:px;text-align:;font-size:25px;line-height:35px;letter-spacing: px;font-weight:\" class=\"\">Find us on Google!<\/h3> <div style=\"background-color:;height: 20px\" class=\"nicdark_section\"><\/div><div class=\"wpb_gmaps_widget wpb_content_element vc_map_responsive vc_custom_1635387925151\"><div class=\"wpb_wrapper\"><div class=\"wpb_map_wraper\"><iframe src=\"https:\/\/www.google.com\/maps\/embed?pb=!1m18!1m12!1m3!1d2686.2224254640123!2d-70.08202833895936!3d47.68010018342943!2m3!1f0!2f0!3f0!3m2!1i1024!2i768!4f13.1!3m3!1m2!1s0x4cbfab9e0b03e8c1%3A0x569350c9e2385207!2sRue%20Marie%20Rose%2C%20La%20Malbaie%2C%20QC%2C%20Canada!5e0!3m2!1sfr!2sus!4v1633921979936!5m2!1sfr!2sus\" width=\"600\" height=\"450\" style=\"border:0;\" allowfullscreen=\"\" loading=\"lazy\"><\/iframe><\/div><\/div><\/div><div style=\"background-color:#000000;height: 30px\" class=\"nicdark_section\"><\/div>\n\n\n    <div class=\"nd_options_section nd_options_position_relative\">\n        <a rel=\"\" href=\"\"><img decoding=\"async\" alt=\"\" class=\"nd_options_position_absolute nd_options_left_0\" width=\"50\" src=\"https:\/\/lechaletduboisflotte.com\/wp-content\/uploads\/2021\/10\/png-clipart-computer-icons-location-logo-miscellaneous-circle-thumbnail-3.png\"><\/a>\n        <div class=\"nd_options_section nd_options_padding_left_70 nd_options_box_sizing_border_box\">\n            <a rel=\"\" href=\"\"><h2 style=\"color:#6fac48\"><strong>Address: 245 rue Marie-Rose<\/strong><\/h2><\/a>\n            <div class=\"nd_options_section nd_options_height_20\"><\/div>\n            <p style=\"color:\" class=\"\"><\/p>\n        <\/div>\n    <\/div>\n\n\n  <div style=\"background-color:#000000;height: 10px\" class=\"nicdark_section\"><\/div>\n\n\n    <div class=\"nd_options_section nd_options_position_relative\">\n        <a rel=\"\" href=\"\"><img decoding=\"async\" alt=\"\" class=\"nd_options_position_absolute nd_options_left_0\" width=\"50\" src=\"https:\/\/lechaletduboisflotte.com\/wp-content\/uploads\/2021\/10\/png-clipart-computer-icons-location-logo-miscellaneous-circle-thumbnail-4.png\"><\/a>\n        <div class=\"nd_options_section nd_options_padding_left_70 nd_options_box_sizing_border_box\">\n            <a rel=\"\" href=\"\"><h2 style=\"color:#6fac48\"><strong>City: La Malbaie, Quebec<\/strong><\/h2><\/a>\n            <div class=\"nd_options_section nd_options_height_20\"><\/div>\n            <p style=\"color:\" class=\"\"><\/p>\n        <\/div>\n    <\/div>\n\n\n  <div style=\"background-color:#0a0a0a;height: 10px\" class=\"nicdark_section\"><\/div>\n\n\n    <div class=\"nd_options_section nd_options_position_relative\">\n        <a rel=\"\" href=\"\"><img decoding=\"async\" alt=\"\" class=\"nd_options_position_absolute nd_options_left_0\" width=\"50\" src=\"https:\/\/lechaletduboisflotte.com\/wp-content\/uploads\/2021\/10\/png-clipart-computer-icons-location-logo-miscellaneous-circle-thumbnail-6.png\"><\/a>\n        <div class=\"nd_options_section nd_options_padding_left_70 nd_options_box_sizing_border_box\">\n            <a rel=\"\" href=\"\"><h2 style=\"color:#6fac48\"><strong>Region: Charlevoix<\/strong><\/h2><\/a>\n            <div class=\"nd_options_section nd_options_height_20\"><\/div>\n            <p style=\"color:\" class=\"\"><\/p>\n        <\/div>\n    <\/div>\n\n\n  <div style=\"background-color:#000000;height: 10px\" class=\"nicdark_section\"><\/div>\n\n\n    <div class=\"nd_options_section nd_options_position_relative\">\n        <a rel=\"\" href=\"\"><img decoding=\"async\" alt=\"\" class=\"nd_options_position_absolute nd_options_left_0\" width=\"50\" src=\"https:\/\/lechaletduboisflotte.com\/wp-content\/uploads\/2021\/10\/png-clipart-email-box-bounce-address-logo-email-miscellaneous-angle-thumbnail-2.png\"><\/a>\n        <div class=\"nd_options_section nd_options_padding_left_70 nd_options_box_sizing_border_box\">\n            <a rel=\"\" href=\"\"><h2 style=\"color:#6fac48\"><strong>Email address: info@lechaletduboisflotte.com<\/strong><\/h2><\/a>\n            <div class=\"nd_options_section nd_options_height_20\"><\/div>\n            <p style=\"color:\" class=\"\"><\/p>\n        <\/div>\n    <\/div>\n\n\n  <div style=\"background-color:#000000;height: 10px\" class=\"nicdark_section\"><\/div>\n\n\n    <div class=\"nd_options_section nd_options_position_relative\">\n        <a rel=\"\" href=\"\"><img decoding=\"async\" alt=\"\" class=\"nd_options_position_absolute nd_options_left_0\" width=\"50\" src=\"https:\/\/lechaletduboisflotte.com\/wp-content\/uploads\/2021\/10\/1750618-200-2.png\"><\/a>\n        <div class=\"nd_options_section nd_options_padding_left_70 nd_options_box_sizing_border_box\">\n            <a rel=\"\" href=\"\"><h2 style=\"color:#6fac48\"><strong>Arrival time: 4 p.m.<\/strong><\/h2><\/a>\n            <div class=\"nd_options_section nd_options_height_20\"><\/div>\n            <p style=\"color:\" class=\"\"><\/p>\n        <\/div>\n    <\/div>\n\n\n  <div style=\"background-color:;height: 20px\" class=\"nicdark_section\"><\/div>\n\n\n    <div class=\"nd_options_section nd_options_position_relative\">\n        <a rel=\"\" href=\"\"><img decoding=\"async\" alt=\"\" class=\"nd_options_position_absolute nd_options_left_0\" width=\"50\" src=\"https:\/\/lechaletduboisflotte.com\/wp-content\/uploads\/2021\/10\/1750620-200-2.png\"><\/a>\n        <div class=\"nd_options_section nd_options_padding_left_70 nd_options_box_sizing_border_box\">\n            <a rel=\"\" href=\"\"><h2 style=\"color:#6fac48\"><strong>Departure time: 11 a.m.<\/strong><\/h2><\/a>\n            <div class=\"nd_options_section nd_options_height_20\"><\/div>\n            <p style=\"color:\" class=\"\"><\/p>\n        <\/div>\n    <\/div>\n\n\n  <div style=\"background-color:;height: 100px\" class=\"nicdark_section\"><\/div><\/div><\/div><\/div><\/div><\/div><\/div><\/div><\/div><div class=\"vc_row-full-width vc_clearfix\"><\/div>","protected":false},"excerpt":{"rendered":"CONTACT \u00c9crivez-nous Votre nom Votre courriel Votre t\u00e9l\u00e9phone Objet Votre message (facultatif) Trouvez-nous sur Google! Adresse : 245 rue Marie-Rose Ville : La Malbaie, Qu\u00e9bec R\u00e9gion : Charlevoix Adresse courriel : info@lechaletduboisflotte.com Heure d'arriv\u00e9e : 16 h Heure de d\u00e9part : 11 h","protected":false},"author":1,"featured_media":0,"parent":0,"menu_order":0,"comment_status":"closed","ping_status":"closed","template":"","meta":{"footnotes":""},"class_list":["post-460","page","type-page","status-publish","hentry"],"_links":{"self":[{"href":"https:\/\/lechaletduboisflotte.com\/en\/wp-json\/wp\/v2\/pages\/460","targetHints":{"allow":["GET"]}}],"collection":[{"href":"https:\/\/lechaletduboisflotte.com\/en\/wp-json\/wp\/v2\/pages"}],"about":[{"href":"https:\/\/lechaletduboisflotte.com\/en\/wp-json\/wp\/v2\/types\/page"}],"author":[{"embeddable":true,"href":"https:\/\/lechaletduboisflotte.com\/en\/wp-json\/wp\/v2\/users\/1"}],"replies":[{"embeddable":true,"href":"https:\/\/lechaletduboisflotte.com\/en\/wp-json\/wp\/v2\/comments?post=460"}],"version-history":[{"count":7,"href":"https:\/\/lechaletduboisflotte.com\/en\/wp-json\/wp\/v2\/pages\/460\/revisions"}],"predecessor-version":[{"id":2560,"href":"https:\/\/lechaletduboisflotte.com\/en\/wp-json\/wp\/v2\/pages\/460\/revisions\/2560"}],"wp:attachment":[{"href":"https:\/\/lechaletduboisflotte.com\/en\/wp-json\/wp\/v2\/media?parent=460"}],"curies":[{"name":"wp","href":"https:\/\/api.w.org\/{rel}","templated":true}]}}